{"id":66,"date":"2020-12-16T23:08:19","date_gmt":"2020-12-16T22:08:19","guid":{"rendered":"http:\/\/articulaconsultoria.com\/?page_id=66"},"modified":"2021-01-14T17:05:36","modified_gmt":"2021-01-14T16:05:36","slug":"que-hacemos","status":"publish","type":"page","link":"https:\/\/articulaconsultoria.com\/index.php\/que-hacemos\/","title":{"rendered":"\u00bfQu\u00e9 hacemos?"},"content":{"rendered":"\n<p>Articula ha sido creada para ofrecer un servicio adecuado a las nuevas necesidades de las empresas constructoras y promotoras. Por este motivo, la actividad espec\u00edfica que se presenta se centra en la <strong><span style=\"color:#777777\" class=\"has-inline-color\">realizaci\u00f3n de documentaci\u00f3n t\u00e9cnica<\/span><\/strong> para licitaciones en los campos de la construcci\u00f3n y en la realizaci\u00f3n de mediciones partiendo de los planos y memorias del proyecto en los campos de las promotoras.<\/p>\n\n\n\n<p>Trabajamos en las siguientes \u00e1reas:<\/p>\n\n\n\n<ul class=\"general-list wp-block-list\"><li><strong><span style=\"color:#777777\" class=\"has-inline-color\">Licitaciones<\/span><\/strong>: Elaboraci\u00f3n y preparaci\u00f3n de estudios t\u00e9cnicos y documentaci\u00f3n para licitaciones de obras, incluyendo planificaci\u00f3n de obras con justificaci\u00f3n de recursos y rendimientos, memorias constructivas, etc.<\/li><li><strong><span style=\"color:#777777\" class=\"has-inline-color\">Revisi\u00f3n de mediciones<\/span><\/strong>: Comprobaci\u00f3n de planos y revisi\u00f3n de las mediciones de las unidades de obra de un proyecto de construcci\u00f3n, incluyendo comentarios con las diferencias y\/o deficiencias detectadas en cada unidad del proyecto.<\/li><li><strong><span style=\"color:#777777\" class=\"has-inline-color\">Modelos BIM<\/span><\/strong>: Realizamos dise\u00f1o infogr\u00e1fico con l\u00e1minas de avance espec\u00edficas a la obra; im\u00e1genes foto-realistas; y modelos BIM de los planos necesarios para la definici\u00f3n de proyectos, tanto de edificaci\u00f3n como de ingenier\u00eda.<\/li><li><strong><span style=\"color:#777777\" class=\"has-inline-color\">Asesoramiento y colaboraciones<\/span><\/strong>: Acompa\u00f1amos al cliente para obtener los mejores resultados en licitaciones, tanto en obra p\u00fablica como privada, en el estudio de ofertas econ\u00f3micas, en la revisi\u00f3n de mediciones, en programaciones de obra.<\/li><\/ul>\n\n\n\n<p><\/p>\n","protected":false},"excerpt":{"rendered":"<p>Articula ha sido creada para ofrecer un servicio adecuado a las nuevas necesidades de las empresas constructoras y promotoras. Por este motivo, la actividad espec\u00edfica que se presenta se centra en la realizaci\u00f3n de documentaci\u00f3n t\u00e9cnica para licitaciones en los campos de la construcci\u00f3n y en la realizaci\u00f3n de mediciones partiendo de los planos y &hellip; <\/p>\n<p class=\"link-more\"><a href=\"https:\/\/articulaconsultoria.com\/index.php\/que-hacemos\/\" class=\"more-link\">Continuar leyendo<span class=\"screen-reader-text\"> \u00ab\u00bfQu\u00e9 hacemos?\u00bb<\/span><\/a><\/p>\n","protected":false},"author":1,"featured_media":72,"parent":0,"menu_order":0,"comment_status":"closed","ping_status":"closed","template":"","meta":{"footnotes":""},"class_list":["post-66","page","type-page","status-publish","has-post-thumbnail","hentry"],"yoast_head":"<!-- This site is optimized with the Yoast SEO plugin v27.5 - https:\/\/yoast.com\/product\/yoast-seo-wordpress\/ -->\n<title>\u00bfQu\u00e9 hacemos? - Articula<\/title>\n<meta name=\"description\" content=\"Articula ha sido creada para ofrecer un servicio adecuado a las nuevas necesidades de las empresas constructoras y promotoras. Por este motivo, la actividad espec\u00edfica que se presenta se centra en la realizaci\u00f3n de documentaci\u00f3n t\u00e9cnica para licitaciones en los campos de la construcci\u00f3n y en la realizaci\u00f3n de mediciones partiendo de los planos y memorias del proyecto en los campos de las promotoras.\" \/>\n<meta name=\"robots\" content=\"index, follow, max-snippet:-1, max-image-preview:large, max-video-preview:-1\" \/>\n<link rel=\"canonical\" href=\"https:\/\/articulaconsultoria.com\/index.php\/que-hacemos\/\" \/>\n<meta property=\"og:locale\" content=\"es_ES\" \/>\n<meta property=\"og:type\" content=\"article\" \/>\n<meta property=\"og:title\" content=\"\u00bfQu\u00e9 hacemos? - Articula\" \/>\n<meta property=\"og:description\" content=\"Articula ha sido creada para ofrecer un servicio adecuado a las nuevas necesidades de las empresas constructoras y promotoras. Por este motivo, la actividad espec\u00edfica que se presenta se centra en la realizaci\u00f3n de documentaci\u00f3n t\u00e9cnica para licitaciones en los campos de la construcci\u00f3n y en la realizaci\u00f3n de mediciones partiendo de los planos y memorias del proyecto en los campos de las promotoras.\" \/>\n<meta property=\"og:url\" content=\"https:\/\/articulaconsultoria.com\/index.php\/que-hacemos\/\" \/>\n<meta property=\"og:site_name\" content=\"Articula\" \/>\n<meta property=\"article:modified_time\" content=\"2021-01-14T16:05:36+00:00\" \/>\n<meta property=\"og:image\" content=\"https:\/\/articulaconsultoria.com\/wp-content\/uploads\/2020\/12\/articulaquienessomos.jpg\" \/>\n\t<meta property=\"og:image:width\" content=\"2000\" \/>\n\t<meta property=\"og:image:height\" content=\"1200\" \/>\n\t<meta property=\"og:image:type\" content=\"image\/jpeg\" \/>\n<meta name=\"twitter:card\" content=\"summary_large_image\" \/>\n<meta name=\"twitter:label1\" content=\"Tiempo de lectura\" \/>\n\t<meta name=\"twitter:data1\" content=\"1 minuto\" \/>\n<script type=\"application\/ld+json\" class=\"yoast-schema-graph\">{\"@context\":\"https:\\\/\\\/schema.org\",\"@graph\":[{\"@type\":\"WebPage\",\"@id\":\"https:\\\/\\\/articulaconsultoria.com\\\/index.php\\\/que-hacemos\\\/\",\"url\":\"https:\\\/\\\/articulaconsultoria.com\\\/index.php\\\/que-hacemos\\\/\",\"name\":\"\u00bfQu\u00e9 hacemos? - Articula\",\"isPartOf\":{\"@id\":\"https:\\\/\\\/articulaconsultoria.com\\\/#website\"},\"primaryImageOfPage\":{\"@id\":\"https:\\\/\\\/articulaconsultoria.com\\\/index.php\\\/que-hacemos\\\/#primaryimage\"},\"image\":{\"@id\":\"https:\\\/\\\/articulaconsultoria.com\\\/index.php\\\/que-hacemos\\\/#primaryimage\"},\"thumbnailUrl\":\"https:\\\/\\\/articulaconsultoria.com\\\/wp-content\\\/uploads\\\/2020\\\/12\\\/articulaquienessomos.jpg\",\"datePublished\":\"2020-12-16T22:08:19+00:00\",\"dateModified\":\"2021-01-14T16:05:36+00:00\",\"description\":\"Articula ha sido creada para ofrecer un servicio adecuado a las nuevas necesidades de las empresas constructoras y promotoras. Por este motivo, la actividad espec\u00edfica que se presenta se centra en la realizaci\u00f3n de documentaci\u00f3n t\u00e9cnica para licitaciones en los campos de la construcci\u00f3n y en la realizaci\u00f3n de mediciones partiendo de los planos y memorias del proyecto en los campos de las promotoras.\",\"breadcrumb\":{\"@id\":\"https:\\\/\\\/articulaconsultoria.com\\\/index.php\\\/que-hacemos\\\/#breadcrumb\"},\"inLanguage\":\"es\",\"potentialAction\":[{\"@type\":\"ReadAction\",\"target\":[\"https:\\\/\\\/articulaconsultoria.com\\\/index.php\\\/que-hacemos\\\/\"]}]},{\"@type\":\"ImageObject\",\"inLanguage\":\"es\",\"@id\":\"https:\\\/\\\/articulaconsultoria.com\\\/index.php\\\/que-hacemos\\\/#primaryimage\",\"url\":\"https:\\\/\\\/articulaconsultoria.com\\\/wp-content\\\/uploads\\\/2020\\\/12\\\/articulaquienessomos.jpg\",\"contentUrl\":\"https:\\\/\\\/articulaconsultoria.com\\\/wp-content\\\/uploads\\\/2020\\\/12\\\/articulaquienessomos.jpg\",\"width\":2000,\"height\":1200,\"caption\":\"Articula - \u00bfQu\u00e9 hacemos?\"},{\"@type\":\"BreadcrumbList\",\"@id\":\"https:\\\/\\\/articulaconsultoria.com\\\/index.php\\\/que-hacemos\\\/#breadcrumb\",\"itemListElement\":[{\"@type\":\"ListItem\",\"position\":1,\"name\":\"Portada\",\"item\":\"https:\\\/\\\/articulaconsultoria.com\\\/\"},{\"@type\":\"ListItem\",\"position\":2,\"name\":\"\u00bfQu\u00e9 hacemos?\"}]},{\"@type\":\"WebSite\",\"@id\":\"https:\\\/\\\/articulaconsultoria.com\\\/#website\",\"url\":\"https:\\\/\\\/articulaconsultoria.com\\\/\",\"name\":\"Articula\",\"description\":\"Consultor\u00eda de arquitectura\",\"publisher\":{\"@id\":\"https:\\\/\\\/articulaconsultoria.com\\\/#organization\"},\"potentialAction\":[{\"@type\":\"SearchAction\",\"target\":{\"@type\":\"EntryPoint\",\"urlTemplate\":\"https:\\\/\\\/articulaconsultoria.com\\\/?s={search_term_string}\"},\"query-input\":{\"@type\":\"PropertyValueSpecification\",\"valueRequired\":true,\"valueName\":\"search_term_string\"}}],\"inLanguage\":\"es\"},{\"@type\":\"Organization\",\"@id\":\"https:\\\/\\\/articulaconsultoria.com\\\/#organization\",\"name\":\"Articula Consultor\u00eda\",\"url\":\"https:\\\/\\\/articulaconsultoria.com\\\/\",\"logo\":{\"@type\":\"ImageObject\",\"inLanguage\":\"es\",\"@id\":\"https:\\\/\\\/articulaconsultoria.com\\\/#\\\/schema\\\/logo\\\/image\\\/\",\"url\":\"https:\\\/\\\/articulaconsultoria.com\\\/wp-content\\\/uploads\\\/2020\\\/12\\\/articulaicono250.png\",\"contentUrl\":\"https:\\\/\\\/articulaconsultoria.com\\\/wp-content\\\/uploads\\\/2020\\\/12\\\/articulaicono250.png\",\"width\":250,\"height\":250,\"caption\":\"Articula Consultor\u00eda\"},\"image\":{\"@id\":\"https:\\\/\\\/articulaconsultoria.com\\\/#\\\/schema\\\/logo\\\/image\\\/\"},\"sameAs\":[\"https:\\\/\\\/www.instagram.com\\\/articulaarq\\\/\"]}]}<\/script>\n<!-- \/ Yoast SEO plugin. -->","yoast_head_json":{"title":"\u00bfQu\u00e9 hacemos? - Articula","description":"Articula ha sido creada para ofrecer un servicio adecuado a las nuevas necesidades de las empresas constructoras y promotoras. Por este motivo, la actividad espec\u00edfica que se presenta se centra en la realizaci\u00f3n de documentaci\u00f3n t\u00e9cnica para licitaciones en los campos de la construcci\u00f3n y en la realizaci\u00f3n de mediciones partiendo de los planos y memorias del proyecto en los campos de las promotoras.","robots":{"index":"index","follow":"follow","max-snippet":"max-snippet:-1","max-image-preview":"max-image-preview:large","max-video-preview":"max-video-preview:-1"},"canonical":"https:\/\/articulaconsultoria.com\/index.php\/que-hacemos\/","og_locale":"es_ES","og_type":"article","og_title":"\u00bfQu\u00e9 hacemos? - Articula","og_description":"Articula ha sido creada para ofrecer un servicio adecuado a las nuevas necesidades de las empresas constructoras y promotoras. Por este motivo, la actividad espec\u00edfica que se presenta se centra en la realizaci\u00f3n de documentaci\u00f3n t\u00e9cnica para licitaciones en los campos de la construcci\u00f3n y en la realizaci\u00f3n de mediciones partiendo de los planos y memorias del proyecto en los campos de las promotoras.","og_url":"https:\/\/articulaconsultoria.com\/index.php\/que-hacemos\/","og_site_name":"Articula","article_modified_time":"2021-01-14T16:05:36+00:00","og_image":[{"width":2000,"height":1200,"url":"https:\/\/articulaconsultoria.com\/wp-content\/uploads\/2020\/12\/articulaquienessomos.jpg","type":"image\/jpeg"}],"twitter_card":"summary_large_image","twitter_misc":{"Tiempo de lectura":"1 minuto"},"schema":{"@context":"https:\/\/schema.org","@graph":[{"@type":"WebPage","@id":"https:\/\/articulaconsultoria.com\/index.php\/que-hacemos\/","url":"https:\/\/articulaconsultoria.com\/index.php\/que-hacemos\/","name":"\u00bfQu\u00e9 hacemos? - Articula","isPartOf":{"@id":"https:\/\/articulaconsultoria.com\/#website"},"primaryImageOfPage":{"@id":"https:\/\/articulaconsultoria.com\/index.php\/que-hacemos\/#primaryimage"},"image":{"@id":"https:\/\/articulaconsultoria.com\/index.php\/que-hacemos\/#primaryimage"},"thumbnailUrl":"https:\/\/articulaconsultoria.com\/wp-content\/uploads\/2020\/12\/articulaquienessomos.jpg","datePublished":"2020-12-16T22:08:19+00:00","dateModified":"2021-01-14T16:05:36+00:00","description":"Articula ha sido creada para ofrecer un servicio adecuado a las nuevas necesidades de las empresas constructoras y promotoras. Por este motivo, la actividad espec\u00edfica que se presenta se centra en la realizaci\u00f3n de documentaci\u00f3n t\u00e9cnica para licitaciones en los campos de la construcci\u00f3n y en la realizaci\u00f3n de mediciones partiendo de los planos y memorias del proyecto en los campos de las promotoras.","breadcrumb":{"@id":"https:\/\/articulaconsultoria.com\/index.php\/que-hacemos\/#breadcrumb"},"inLanguage":"es","potentialAction":[{"@type":"ReadAction","target":["https:\/\/articulaconsultoria.com\/index.php\/que-hacemos\/"]}]},{"@type":"ImageObject","inLanguage":"es","@id":"https:\/\/articulaconsultoria.com\/index.php\/que-hacemos\/#primaryimage","url":"https:\/\/articulaconsultoria.com\/wp-content\/uploads\/2020\/12\/articulaquienessomos.jpg","contentUrl":"https:\/\/articulaconsultoria.com\/wp-content\/uploads\/2020\/12\/articulaquienessomos.jpg","width":2000,"height":1200,"caption":"Articula - \u00bfQu\u00e9 hacemos?"},{"@type":"BreadcrumbList","@id":"https:\/\/articulaconsultoria.com\/index.php\/que-hacemos\/#breadcrumb","itemListElement":[{"@type":"ListItem","position":1,"name":"Portada","item":"https:\/\/articulaconsultoria.com\/"},{"@type":"ListItem","position":2,"name":"\u00bfQu\u00e9 hacemos?"}]},{"@type":"WebSite","@id":"https:\/\/articulaconsultoria.com\/#website","url":"https:\/\/articulaconsultoria.com\/","name":"Articula","description":"Consultor\u00eda de arquitectura","publisher":{"@id":"https:\/\/articulaconsultoria.com\/#organization"},"potentialAction":[{"@type":"SearchAction","target":{"@type":"EntryPoint","urlTemplate":"https:\/\/articulaconsultoria.com\/?s={search_term_string}"},"query-input":{"@type":"PropertyValueSpecification","valueRequired":true,"valueName":"search_term_string"}}],"inLanguage":"es"},{"@type":"Organization","@id":"https:\/\/articulaconsultoria.com\/#organization","name":"Articula Consultor\u00eda","url":"https:\/\/articulaconsultoria.com\/","logo":{"@type":"ImageObject","inLanguage":"es","@id":"https:\/\/articulaconsultoria.com\/#\/schema\/logo\/image\/","url":"https:\/\/articulaconsultoria.com\/wp-content\/uploads\/2020\/12\/articulaicono250.png","contentUrl":"https:\/\/articulaconsultoria.com\/wp-content\/uploads\/2020\/12\/articulaicono250.png","width":250,"height":250,"caption":"Articula Consultor\u00eda"},"image":{"@id":"https:\/\/articulaconsultoria.com\/#\/schema\/logo\/image\/"},"sameAs":["https:\/\/www.instagram.com\/articulaarq\/"]}]}},"_links":{"self":[{"href":"https:\/\/articulaconsultoria.com\/index.php\/wp-json\/wp\/v2\/pages\/66","targetHints":{"allow":["GET"]}}],"collection":[{"href":"https:\/\/articulaconsultoria.com\/index.php\/wp-json\/wp\/v2\/pages"}],"about":[{"href":"https:\/\/articulaconsultoria.com\/index.php\/wp-json\/wp\/v2\/types\/page"}],"author":[{"embeddable":true,"href":"https:\/\/articulaconsultoria.com\/index.php\/wp-json\/wp\/v2\/users\/1"}],"replies":[{"embeddable":true,"href":"https:\/\/articulaconsultoria.com\/index.php\/wp-json\/wp\/v2\/comments?post=66"}],"version-history":[{"count":8,"href":"https:\/\/articulaconsultoria.com\/index.php\/wp-json\/wp\/v2\/pages\/66\/revisions"}],"predecessor-version":[{"id":127,"href":"https:\/\/articulaconsultoria.com\/index.php\/wp-json\/wp\/v2\/pages\/66\/revisions\/127"}],"wp:featuredmedia":[{"embeddable":true,"href":"https:\/\/articulaconsultoria.com\/index.php\/wp-json\/wp\/v2\/media\/72"}],"wp:attachment":[{"href":"https:\/\/articulaconsultoria.com\/index.php\/wp-json\/wp\/v2\/media?parent=66"}],"curies":[{"name":"wp","href":"https:\/\/api.w.org\/{rel}","templated":true}]}}